{"id":432,"date":"2025-09-12T07:07:32","date_gmt":"2025-09-12T07:07:32","guid":{"rendered":"https:\/\/landing.patyki-lasmozliwosci.pl\/?page_id=432"},"modified":"2025-09-12T16:13:51","modified_gmt":"2025-09-12T16:13:51","slug":"about-us","status":"publish","type":"page","link":"https:\/\/patyki-lasmozliwosci.pl\/en\/o-nas\/","title":{"rendered":"About us"},"content":{"rendered":"\t\t<div data-elementor-type=\"wp-page\" data-elementor-id=\"432\" class=\"elementor elementor-432\" data-elementor-post-type=\"page\">\n\t\t\t\t<div class=\"elementor-element elementor-element-15f00a9 e-flex e-con-boxed e-con e-parent\" data-id=\"15f00a9\" data-element_type=\"container\" data-e-type=\"container\">\n\t\t\t\t\t<div class=\"e-con-inner\">\n\t\t<div class=\"elementor-element elementor-element-1221635 e-con-full e-flex e-con e-child\" data-id=\"1221635\" data-element_type=\"container\" data-e-type=\"container\">\n\t\t\t\t<div class=\"elementor-element elementor-element-a366aa8 elementor-widget elementor-widget-heading\" data-id=\"a366aa8\" data-element_type=\"widget\" data-e-type=\"widget\" data-widget_type=\"heading.default\">\n\t\t\t\t\t<h2 class=\"elementor-heading-title elementor-size-default\">Historia siostrzanej pasji<\/h2>\t\t\t\t<\/div>\n\t\t\t\t<div class=\"elementor-element elementor-element-cad453b elementor-widget elementor-widget-text-editor\" data-id=\"cad453b\" data-element_type=\"widget\" data-e-type=\"widget\" data-widget_type=\"text-editor.default\">\n\t\t\t\t\t\t\t\t\t<p>Cze\u015b\u0107! Jeste\u015bmy Karina i Marika \u2013 <strong>dwie siostry, kt\u00f3re postanowi\u0142y wykorzysta\u0107 napotkan\u0105 szans\u0119<\/strong> i stworzy\u0107 miejsce swoich marze\u0144. Zebra\u0142y\u015bmy wszystkie nasze do\u015bwiadczenia i <strong>zaprojektowa\u0142y\u015bmy przestrze\u0144, w kt\u00f3rej naprawd\u0119 mo\u017cna na\u0142adowa\u0107 si\u0119 pozytywn\u0105 energi\u0105<\/strong>.<\/p>\t\t\t\t\t\t\t\t<\/div>\n\t\t\t\t<\/div>\n\t\t<div class=\"elementor-element elementor-element-7cb001b e-con-full e-flex e-con e-child\" data-id=\"7cb001b\" data-element_type=\"container\" data-e-type=\"container\">\n\t\t\t\t<div class=\"elementor-element elementor-element-ce22100 elementor-widget__width-initial elementor-absolute elementor-widget elementor-widget-image\" data-id=\"ce22100\" data-element_type=\"widget\" data-e-type=\"widget\" data-settings=\"{&quot;_position&quot;:&quot;absolute&quot;,&quot;motion_fx_motion_fx_scrolling&quot;:&quot;yes&quot;,&quot;motion_fx_translateY_effect&quot;:&quot;yes&quot;,&quot;motion_fx_translateY_speed&quot;:{&quot;unit&quot;:&quot;px&quot;,&quot;size&quot;:0.9,&quot;sizes&quot;:[]},&quot;motion_fx_translateY_affectedRange&quot;:{&quot;unit&quot;:&quot;%&quot;,&quot;size&quot;:&quot;&quot;,&quot;sizes&quot;:{&quot;start&quot;:0,&quot;end&quot;:100}},&quot;motion_fx_devices&quot;:[&quot;desktop&quot;,&quot;tablet&quot;,&quot;mobile&quot;]}\" data-widget_type=\"image.default\">\n\t\t\t\t\t\t\t\t\t\t\t\t\t\t\t<img fetchpriority=\"high\" decoding=\"async\" width=\"432\" height=\"427\" src=\"https:\/\/patyki-lasmozliwosci.pl\/wp-content\/uploads\/2025\/09\/slonce-do-kolazu.webp\" class=\"attachment-medium_large size-medium_large wp-image-239\" alt=\"\" srcset=\"https:\/\/patyki-lasmozliwosci.pl\/wp-content\/uploads\/2025\/09\/slonce-do-kolazu.webp 432w, https:\/\/patyki-lasmozliwosci.pl\/wp-content\/uploads\/2025\/09\/slonce-do-kolazu-300x297.webp 300w\" sizes=\"(max-width: 432px) 100vw, 432px\" \/>\t\t\t\t\t\t\t\t\t\t\t\t\t\t\t<\/div>\n\t\t<div class=\"elementor-element elementor-element-0fd56b1 e-con-full e-flex e-con e-child\" data-id=\"0fd56b1\" data-element_type=\"container\" data-e-type=\"container\" data-settings=\"{&quot;background_background&quot;:&quot;classic&quot;,&quot;motion_fx_motion_fx_scrolling&quot;:&quot;yes&quot;,&quot;motion_fx_translateY_effect&quot;:&quot;yes&quot;,&quot;motion_fx_translateY_speed&quot;:{&quot;unit&quot;:&quot;px&quot;,&quot;size&quot;:0.5,&quot;sizes&quot;:[]},&quot;motion_fx_translateY_affectedRange&quot;:{&quot;unit&quot;:&quot;%&quot;,&quot;size&quot;:&quot;&quot;,&quot;sizes&quot;:{&quot;start&quot;:0,&quot;end&quot;:100}},&quot;motion_fx_devices&quot;:[&quot;desktop&quot;,&quot;tablet&quot;,&quot;mobile&quot;]}\">\n\t\t\t\t<\/div>\n\t\t<div class=\"elementor-element elementor-element-7171637 e-con-full e-flex e-con e-child\" data-id=\"7171637\" data-element_type=\"container\" data-e-type=\"container\" data-settings=\"{&quot;background_background&quot;:&quot;classic&quot;,&quot;motion_fx_motion_fx_scrolling&quot;:&quot;yes&quot;,&quot;motion_fx_translateY_effect&quot;:&quot;yes&quot;,&quot;motion_fx_translateY_speed&quot;:{&quot;unit&quot;:&quot;px&quot;,&quot;size&quot;:0.3,&quot;sizes&quot;:[]},&quot;motion_fx_translateY_affectedRange&quot;:{&quot;unit&quot;:&quot;%&quot;,&quot;size&quot;:&quot;&quot;,&quot;sizes&quot;:{&quot;start&quot;:0,&quot;end&quot;:100}},&quot;motion_fx_devices&quot;:[&quot;desktop&quot;,&quot;tablet&quot;,&quot;mobile&quot;]}\">\n\t\t\t\t<\/div>\n\t\t\t\t<div class=\"elementor-element elementor-element-f497528 elementor-widget__width-initial elementor-absolute elementor-widget elementor-widget-image\" data-id=\"f497528\" data-element_type=\"widget\" data-e-type=\"widget\" data-settings=\"{&quot;_position&quot;:&quot;absolute&quot;}\" data-widget_type=\"image.default\">\n\t\t\t\t\t\t\t\t\t\t\t\t\t\t\t<img decoding=\"async\" width=\"145\" height=\"241\" src=\"https:\/\/patyki-lasmozliwosci.pl\/wp-content\/uploads\/2025\/09\/kolka-do-kolazu.svg\" class=\"attachment-large size-large wp-image-238\" alt=\"\" \/>\t\t\t\t\t\t\t\t\t\t\t\t\t\t\t<\/div>\n\t\t\t\t<\/div>\n\t\t\t\t\t<\/div>\n\t\t\t\t<\/div>\n\t\t<div class=\"elementor-element elementor-element-f93d044 e-flex e-con-boxed e-con e-parent\" data-id=\"f93d044\" data-element_type=\"container\" data-e-type=\"container\">\n\t\t\t\t\t<div class=\"e-con-inner\">\n\t\t<div class=\"elementor-element elementor-element-f3d909c e-con-full e-flex e-con e-child\" data-id=\"f3d909c\" data-element_type=\"container\" data-e-type=\"container\">\n\t\t\t\t<div class=\"elementor-element elementor-element-d9c49f1 elementor-widget__width-initial elementor-absolute elementor-widget elementor-widget-image\" data-id=\"d9c49f1\" data-element_type=\"widget\" data-e-type=\"widget\" data-settings=\"{&quot;_position&quot;:&quot;absolute&quot;,&quot;motion_fx_motion_fx_scrolling&quot;:&quot;yes&quot;,&quot;motion_fx_translateY_effect&quot;:&quot;yes&quot;,&quot;motion_fx_translateY_speed&quot;:{&quot;unit&quot;:&quot;px&quot;,&quot;size&quot;:0.9,&quot;sizes&quot;:[]},&quot;motion_fx_translateY_affectedRange&quot;:{&quot;unit&quot;:&quot;%&quot;,&quot;size&quot;:&quot;&quot;,&quot;sizes&quot;:{&quot;start&quot;:0,&quot;end&quot;:100}},&quot;motion_fx_devices&quot;:[&quot;desktop&quot;,&quot;tablet&quot;,&quot;mobile&quot;]}\" data-widget_type=\"image.default\">\n\t\t\t\t\t\t\t\t\t\t\t\t\t\t\t<img decoding=\"async\" width=\"92\" height=\"38\" src=\"https:\/\/patyki-lasmozliwosci.pl\/wp-content\/uploads\/2025\/09\/ptaki-do-kolazu.svg\" class=\"attachment-medium_large size-medium_large wp-image-237\" alt=\"\" \/>\t\t\t\t\t\t\t\t\t\t\t\t\t\t\t<\/div>\n\t\t<div class=\"elementor-element elementor-element-4e5b8e0 e-con-full e-flex e-con e-child\" data-id=\"4e5b8e0\" data-element_type=\"container\" data-e-type=\"container\" data-settings=\"{&quot;background_background&quot;:&quot;classic&quot;,&quot;motion_fx_motion_fx_scrolling&quot;:&quot;yes&quot;,&quot;motion_fx_translateY_effect&quot;:&quot;yes&quot;,&quot;motion_fx_translateY_speed&quot;:{&quot;unit&quot;:&quot;px&quot;,&quot;size&quot;:0.3,&quot;sizes&quot;:[]},&quot;motion_fx_translateY_affectedRange&quot;:{&quot;unit&quot;:&quot;%&quot;,&quot;size&quot;:&quot;&quot;,&quot;sizes&quot;:{&quot;start&quot;:0,&quot;end&quot;:100}},&quot;motion_fx_devices&quot;:[&quot;desktop&quot;,&quot;tablet&quot;,&quot;mobile&quot;]}\">\n\t\t\t\t<\/div>\n\t\t\t\t<div class=\"elementor-element elementor-element-32843c7 elementor-widget__width-initial elementor-absolute elementor-widget elementor-widget-image\" data-id=\"32843c7\" data-element_type=\"widget\" data-e-type=\"widget\" data-settings=\"{&quot;_position&quot;:&quot;absolute&quot;}\" data-widget_type=\"image.default\">\n\t\t\t\t\t\t\t\t\t\t\t\t\t\t\t<img loading=\"lazy\" decoding=\"async\" width=\"169\" height=\"168\" src=\"https:\/\/patyki-lasmozliwosci.pl\/wp-content\/uploads\/2025\/09\/kolko-do-kolazu.svg\" class=\"attachment-large size-large wp-image-486\" alt=\"\" \/>\t\t\t\t\t\t\t\t\t\t\t\t\t\t\t<\/div>\n\t\t\t\t<\/div>\n\t\t<div class=\"elementor-element elementor-element-e585445 e-con-full e-flex e-con e-child\" data-id=\"e585445\" data-element_type=\"container\" data-e-type=\"container\">\n\t\t\t\t<div class=\"elementor-element elementor-element-fe35471 elementor-widget elementor-widget-heading\" data-id=\"fe35471\" data-element_type=\"widget\" data-e-type=\"widget\" data-widget_type=\"heading.default\">\n\t\t\t\t\t<h2 class=\"elementor-heading-title elementor-size-default\">Inspiracje <br> z ca\u0142ego \u015bwiata<\/h2>\t\t\t\t<\/div>\n\t\t\t\t<div class=\"elementor-element elementor-element-d0bcbe3 elementor-widget elementor-widget-text-editor\" data-id=\"d0bcbe3\" data-element_type=\"widget\" data-e-type=\"widget\" data-widget_type=\"text-editor.default\">\n\t\t\t\t\t\t\t\t\t<p>Nasze podr\u00f3\u017ce po <strong>Ameryce P\u00f3\u0142nocnej i Po\u0142udniowej, Azji oraz innych zak\u0105tkach \u015bwiata<\/strong> zainspirowa\u0142y nas do stworzenia miejsca, kt\u00f3re czerpie z<strong> lokalnych tradycji, kultur i styl\u00f3w treningowych<\/strong> \u2013 tak, by zapewni\u0107 naszym go\u015bciom autentyczne i r\u00f3\u017cnorodne do\u015bwiadczenie.<\/p>\t\t\t\t\t\t\t\t<\/div>\n\t\t\t\t<\/div>\n\t\t\t\t\t<\/div>\n\t\t\t\t<\/div>\n\t\t<div class=\"elementor-element elementor-element-c84ee91 e-flex e-con-boxed e-con e-parent\" data-id=\"c84ee91\" data-element_type=\"container\" data-e-type=\"container\">\n\t\t\t\t\t<div class=\"e-con-inner\">\n\t\t<div class=\"elementor-element elementor-element-e3d1887 e-con-full e-flex e-con e-child\" data-id=\"e3d1887\" data-element_type=\"container\" data-e-type=\"container\">\n\t\t\t\t<div class=\"elementor-element elementor-element-dd4609a elementor-widget elementor-widget-heading\" data-id=\"dd4609a\" data-element_type=\"widget\" data-e-type=\"widget\" data-widget_type=\"heading.default\">\n\t\t\t\t\t<h2 class=\"elementor-heading-title elementor-size-default\">Nasze holistyczne podej\u015bcie<\/h2>\t\t\t\t<\/div>\n\t\t\t\t<div class=\"elementor-element elementor-element-300a52f elementor-widget elementor-widget-text-editor\" data-id=\"300a52f\" data-element_type=\"widget\" data-e-type=\"widget\" data-widget_type=\"text-editor.default\">\n\t\t\t\t\t\t\t\t\t<p>Tworzymy przestrze\u0144, kt\u00f3ra nie tylko dostarcza niezapomnianych wra\u017ce\u0144, ale tak\u017ce <strong>inspiruje do aktywnego \u017cycia, w pe\u0142ni wykorzystuj\u0105cego potencja\u0142 cia\u0142a i umys\u0142u<\/strong>. Dbamy o to, by w naszym kompleksie mo\u017cna by\u0142o si\u0119 odpr\u0119\u017cy\u0107 i na\u0142adowa\u0107 pozytywn\u0105 energi\u0105.<\/p>\t\t\t\t\t\t\t\t<\/div>\n\t\t\t\t<\/div>\n\t\t<div class=\"elementor-element elementor-element-9f3d0c9 e-con-full e-flex e-con e-child\" data-id=\"9f3d0c9\" data-element_type=\"container\" data-e-type=\"container\">\n\t\t\t\t<div class=\"elementor-element elementor-element-b007a6e elementor-widget__width-initial elementor-absolute e-transform e-transform elementor-widget elementor-widget-image\" data-id=\"b007a6e\" data-element_type=\"widget\" data-e-type=\"widget\" data-settings=\"{&quot;_position&quot;:&quot;absolute&quot;,&quot;_transform_rotateZ_effect&quot;:{&quot;unit&quot;:&quot;px&quot;,&quot;size&quot;:90,&quot;sizes&quot;:[]},&quot;_transform_scale_effect&quot;:{&quot;unit&quot;:&quot;px&quot;,&quot;size&quot;:1.2,&quot;sizes&quot;:[]},&quot;_transform_rotateZ_effect_tablet&quot;:{&quot;unit&quot;:&quot;deg&quot;,&quot;size&quot;:&quot;&quot;,&quot;sizes&quot;:[]},&quot;_transform_rotateZ_effect_mobile&quot;:{&quot;unit&quot;:&quot;deg&quot;,&quot;size&quot;:&quot;&quot;,&quot;sizes&quot;:[]},&quot;_transform_scale_effect_tablet&quot;:{&quot;unit&quot;:&quot;px&quot;,&quot;size&quot;:&quot;&quot;,&quot;sizes&quot;:[]},&quot;_transform_scale_effect_mobile&quot;:{&quot;unit&quot;:&quot;px&quot;,&quot;size&quot;:&quot;&quot;,&quot;sizes&quot;:[]}}\" data-widget_type=\"image.default\">\n\t\t\t\t\t\t\t\t\t\t\t\t\t\t\t<img loading=\"lazy\" decoding=\"async\" width=\"800\" height=\"442\" src=\"https:\/\/patyki-lasmozliwosci.pl\/wp-content\/uploads\/2025\/09\/zlota-tecza-1024x566.webp\" class=\"attachment-large size-large wp-image-212\" alt=\"\" srcset=\"https:\/\/patyki-lasmozliwosci.pl\/wp-content\/uploads\/2025\/09\/zlota-tecza-1024x566.webp 1024w, https:\/\/patyki-lasmozliwosci.pl\/wp-content\/uploads\/2025\/09\/zlota-tecza-300x166.webp 300w, https:\/\/patyki-lasmozliwosci.pl\/wp-content\/uploads\/2025\/09\/zlota-tecza-768x425.webp 768w, https:\/\/patyki-lasmozliwosci.pl\/wp-content\/uploads\/2025\/09\/zlota-tecza-1536x849.webp 1536w, https:\/\/patyki-lasmozliwosci.pl\/wp-content\/uploads\/2025\/09\/zlota-tecza.webp 1664w\" sizes=\"(max-width: 800px) 100vw, 800px\" \/>\t\t\t\t\t\t\t\t\t\t\t\t\t\t\t<\/div>\n\t\t\t\t<div class=\"elementor-element elementor-element-306cf07 elementor-widget__width-initial elementor-absolute elementor-widget elementor-widget-image\" data-id=\"306cf07\" data-element_type=\"widget\" data-e-type=\"widget\" data-settings=\"{&quot;_position&quot;:&quot;absolute&quot;,&quot;motion_fx_motion_fx_scrolling&quot;:&quot;yes&quot;,&quot;motion_fx_translateY_effect&quot;:&quot;yes&quot;,&quot;motion_fx_translateY_speed&quot;:{&quot;unit&quot;:&quot;px&quot;,&quot;size&quot;:0.9,&quot;sizes&quot;:[]},&quot;motion_fx_translateY_affectedRange&quot;:{&quot;unit&quot;:&quot;%&quot;,&quot;size&quot;:&quot;&quot;,&quot;sizes&quot;:{&quot;start&quot;:0,&quot;end&quot;:100}},&quot;motion_fx_devices&quot;:[&quot;desktop&quot;,&quot;tablet&quot;,&quot;mobile&quot;]}\" data-widget_type=\"image.default\">\n\t\t\t\t\t\t\t\t\t\t\t\t\t\t\t<img decoding=\"async\" width=\"92\" height=\"38\" src=\"https:\/\/patyki-lasmozliwosci.pl\/wp-content\/uploads\/2025\/09\/ptaki-do-kolazu.svg\" class=\"attachment-medium_large size-medium_large wp-image-237\" alt=\"\" \/>\t\t\t\t\t\t\t\t\t\t\t\t\t\t\t<\/div>\n\t\t<div class=\"elementor-element elementor-element-26d70c3 e-con-full e-flex e-con e-child\" data-id=\"26d70c3\" data-element_type=\"container\" data-e-type=\"container\" data-settings=\"{&quot;background_background&quot;:&quot;classic&quot;,&quot;motion_fx_motion_fx_scrolling&quot;:&quot;yes&quot;,&quot;motion_fx_translateY_effect&quot;:&quot;yes&quot;,&quot;motion_fx_translateY_speed&quot;:{&quot;unit&quot;:&quot;px&quot;,&quot;size&quot;:0.3,&quot;sizes&quot;:[]},&quot;motion_fx_translateY_affectedRange&quot;:{&quot;unit&quot;:&quot;%&quot;,&quot;size&quot;:&quot;&quot;,&quot;sizes&quot;:{&quot;start&quot;:0,&quot;end&quot;:100}},&quot;motion_fx_devices&quot;:[&quot;desktop&quot;,&quot;tablet&quot;,&quot;mobile&quot;]}\">\n\t\t\t\t<\/div>\n\t\t\t\t<\/div>\n\t\t\t\t\t<\/div>\n\t\t\t\t<\/div>\n\t\t\t\t<\/div>\n\t\t","protected":false},"excerpt":{"rendered":"<p>Historia siostrzanej pasji Cze\u015b\u0107! Jeste\u015bmy Karina i Marika \u2013 dwie siostry, kt\u00f3re postanowi\u0142y wykorzysta\u0107 napotkan\u0105 szans\u0119 i stworzy\u0107 miejsce swoich marze\u0144. Zebra\u0142y\u015bmy wszystkie nasze do\u015bwiadczenia i zaprojektowa\u0142y\u015bmy przestrze\u0144, w kt\u00f3rej naprawd\u0119 mo\u017cna na\u0142adowa\u0107 si\u0119 pozytywn\u0105 energi\u0105. Inspiracje z ca\u0142ego \u015bwiata Nasze podr\u00f3\u017ce po Ameryce P\u00f3\u0142nocnej i Po\u0142udniowej, Azji oraz innych zak\u0105tkach \u015bwiata zainspirowa\u0142y nas do [&hellip;]<\/p>\n","protected":false},"author":1,"featured_media":0,"parent":0,"menu_order":0,"comment_status":"closed","ping_status":"closed","template":"","meta":{"footnotes":""},"class_list":["post-432","page","type-page","status-publish","hentry"],"yoast_head":"<!-- This site is optimized with the Yoast SEO plugin v27.2 - https:\/\/yoast.com\/product\/yoast-seo-wordpress\/ -->\n<title>O nas - Patyki - las mo\u017cliwo\u015bci<\/title>\n<meta name=\"robots\" content=\"index, follow, max-snippet:-1, max-image-preview:large, max-video-preview:-1\" \/>\n<link rel=\"canonical\" href=\"https:\/\/patyki-lasmozliwosci.pl\/en\/about-us\/\" \/>\n<meta property=\"og:locale\" content=\"en_GB\" \/>\n<meta property=\"og:type\" content=\"article\" \/>\n<meta property=\"og:title\" content=\"O nas - Patyki - las mo\u017cliwo\u015bci\" \/>\n<meta property=\"og:description\" content=\"Historia siostrzanej pasji Cze\u015b\u0107! Jeste\u015bmy Karina i Marika \u2013 dwie siostry, kt\u00f3re postanowi\u0142y wykorzysta\u0107 napotkan\u0105 szans\u0119 i stworzy\u0107 miejsce swoich marze\u0144. Zebra\u0142y\u015bmy wszystkie nasze do\u015bwiadczenia i zaprojektowa\u0142y\u015bmy przestrze\u0144, w kt\u00f3rej naprawd\u0119 mo\u017cna na\u0142adowa\u0107 si\u0119 pozytywn\u0105 energi\u0105. Inspiracje z ca\u0142ego \u015bwiata Nasze podr\u00f3\u017ce po Ameryce P\u00f3\u0142nocnej i Po\u0142udniowej, Azji oraz innych zak\u0105tkach \u015bwiata zainspirowa\u0142y nas do [&hellip;]\" \/>\n<meta property=\"og:url\" content=\"https:\/\/patyki-lasmozliwosci.pl\/en\/about-us\/\" \/>\n<meta property=\"og:site_name\" content=\"Patyki - las mo\u017cliwo\u015bci\" \/>\n<meta property=\"article:modified_time\" content=\"2025-09-12T16:13:51+00:00\" \/>\n<meta property=\"og:image\" content=\"https:\/\/landing.patyki-lasmozliwosci.pl\/wp-content\/uploads\/2025\/09\/slonce-do-kolazu.webp\" \/>\n<meta name=\"twitter:card\" content=\"summary_large_image\" \/>\n<meta name=\"twitter:label1\" content=\"Estimated reading time\" \/>\n\t<meta name=\"twitter:data1\" content=\"1 minute\" \/>\n<script type=\"application\/ld+json\" class=\"yoast-schema-graph\">{\"@context\":\"https:\/\/schema.org\",\"@graph\":[{\"@type\":\"WebPage\",\"@id\":\"https:\/\/patyki-lasmozliwosci.pl\/o-nas\/\",\"url\":\"https:\/\/patyki-lasmozliwosci.pl\/o-nas\/\",\"name\":\"O nas - Patyki - las mo\u017cliwo\u015bci\",\"isPartOf\":{\"@id\":\"https:\/\/patyki-lasmozliwosci.pl\/#website\"},\"primaryImageOfPage\":{\"@id\":\"https:\/\/patyki-lasmozliwosci.pl\/o-nas\/#primaryimage\"},\"image\":{\"@id\":\"https:\/\/patyki-lasmozliwosci.pl\/o-nas\/#primaryimage\"},\"thumbnailUrl\":\"https:\/\/landing.patyki-lasmozliwosci.pl\/wp-content\/uploads\/2025\/09\/slonce-do-kolazu.webp\",\"datePublished\":\"2025-09-12T07:07:32+00:00\",\"dateModified\":\"2025-09-12T16:13:51+00:00\",\"breadcrumb\":{\"@id\":\"https:\/\/patyki-lasmozliwosci.pl\/o-nas\/#breadcrumb\"},\"inLanguage\":\"en-GB\",\"potentialAction\":[{\"@type\":\"ReadAction\",\"target\":[\"https:\/\/patyki-lasmozliwosci.pl\/o-nas\/\"]}]},{\"@type\":\"ImageObject\",\"inLanguage\":\"en-GB\",\"@id\":\"https:\/\/patyki-lasmozliwosci.pl\/o-nas\/#primaryimage\",\"url\":\"https:\/\/landing.patyki-lasmozliwosci.pl\/wp-content\/uploads\/2025\/09\/slonce-do-kolazu.webp\",\"contentUrl\":\"https:\/\/landing.patyki-lasmozliwosci.pl\/wp-content\/uploads\/2025\/09\/slonce-do-kolazu.webp\"},{\"@type\":\"BreadcrumbList\",\"@id\":\"https:\/\/patyki-lasmozliwosci.pl\/o-nas\/#breadcrumb\",\"itemListElement\":[{\"@type\":\"ListItem\",\"position\":1,\"name\":\"Home\",\"item\":\"https:\/\/patyki-lasmozliwosci.pl\/\"},{\"@type\":\"ListItem\",\"position\":2,\"name\":\"O nas\"}]},{\"@type\":\"WebSite\",\"@id\":\"https:\/\/patyki-lasmozliwosci.pl\/#website\",\"url\":\"https:\/\/patyki-lasmozliwosci.pl\/\",\"name\":\"Patyki - las mo\u017cliwo\u015bci\",\"description\":\"Aktywnie czy leniwie? Odpocznij jak lubisz!\",\"publisher\":{\"@id\":\"https:\/\/patyki-lasmozliwosci.pl\/#organization\"},\"potentialAction\":[{\"@type\":\"SearchAction\",\"target\":{\"@type\":\"EntryPoint\",\"urlTemplate\":\"https:\/\/patyki-lasmozliwosci.pl\/?s={search_term_string}\"},\"query-input\":{\"@type\":\"PropertyValueSpecification\",\"valueRequired\":true,\"valueName\":\"search_term_string\"}}],\"inLanguage\":\"en-GB\"},{\"@type\":\"Organization\",\"@id\":\"https:\/\/patyki-lasmozliwosci.pl\/#organization\",\"name\":\"Patyki - las mo\u017cliwo\u015bci\",\"url\":\"https:\/\/patyki-lasmozliwosci.pl\/\",\"logo\":{\"@type\":\"ImageObject\",\"inLanguage\":\"en-GB\",\"@id\":\"https:\/\/patyki-lasmozliwosci.pl\/#\/schema\/logo\/image\/\",\"url\":\"https:\/\/patyki-lasmozliwosci.pl\/wp-content\/uploads\/2025\/09\/Poziom-Jasny-1.svg\",\"contentUrl\":\"https:\/\/patyki-lasmozliwosci.pl\/wp-content\/uploads\/2025\/09\/Poziom-Jasny-1.svg\",\"width\":417,\"height\":107,\"caption\":\"Patyki - las mo\u017cliwo\u015bci\"},\"image\":{\"@id\":\"https:\/\/patyki-lasmozliwosci.pl\/#\/schema\/logo\/image\/\"}}]}<\/script>\n<!-- \/ Yoast SEO plugin. -->","yoast_head_json":{"title":"About us - Sticks - a forest of possibilities","robots":{"index":"index","follow":"follow","max-snippet":"max-snippet:-1","max-image-preview":"max-image-preview:large","max-video-preview":"max-video-preview:-1"},"canonical":"https:\/\/patyki-lasmozliwosci.pl\/en\/about-us\/","og_locale":"en_GB","og_type":"article","og_title":"O nas - Patyki - las mo\u017cliwo\u015bci","og_description":"Historia siostrzanej pasji Cze\u015b\u0107! Jeste\u015bmy Karina i Marika \u2013 dwie siostry, kt\u00f3re postanowi\u0142y wykorzysta\u0107 napotkan\u0105 szans\u0119 i stworzy\u0107 miejsce swoich marze\u0144. Zebra\u0142y\u015bmy wszystkie nasze do\u015bwiadczenia i zaprojektowa\u0142y\u015bmy przestrze\u0144, w kt\u00f3rej naprawd\u0119 mo\u017cna na\u0142adowa\u0107 si\u0119 pozytywn\u0105 energi\u0105. Inspiracje z ca\u0142ego \u015bwiata Nasze podr\u00f3\u017ce po Ameryce P\u00f3\u0142nocnej i Po\u0142udniowej, Azji oraz innych zak\u0105tkach \u015bwiata zainspirowa\u0142y nas do [&hellip;]","og_url":"https:\/\/patyki-lasmozliwosci.pl\/en\/about-us\/","og_site_name":"Patyki - las mo\u017cliwo\u015bci","article_modified_time":"2025-09-12T16:13:51+00:00","og_image":[{"url":"https:\/\/landing.patyki-lasmozliwosci.pl\/wp-content\/uploads\/2025\/09\/slonce-do-kolazu.webp","type":"","width":"","height":""}],"twitter_card":"summary_large_image","twitter_misc":{"Estimated reading time":"1 minute"},"schema":{"@context":"https:\/\/schema.org","@graph":[{"@type":"WebPage","@id":"https:\/\/patyki-lasmozliwosci.pl\/o-nas\/","url":"https:\/\/patyki-lasmozliwosci.pl\/o-nas\/","name":"About us - Sticks - a forest of possibilities","isPartOf":{"@id":"https:\/\/patyki-lasmozliwosci.pl\/#website"},"primaryImageOfPage":{"@id":"https:\/\/patyki-lasmozliwosci.pl\/o-nas\/#primaryimage"},"image":{"@id":"https:\/\/patyki-lasmozliwosci.pl\/o-nas\/#primaryimage"},"thumbnailUrl":"https:\/\/landing.patyki-lasmozliwosci.pl\/wp-content\/uploads\/2025\/09\/slonce-do-kolazu.webp","datePublished":"2025-09-12T07:07:32+00:00","dateModified":"2025-09-12T16:13:51+00:00","breadcrumb":{"@id":"https:\/\/patyki-lasmozliwosci.pl\/o-nas\/#breadcrumb"},"inLanguage":"en-GB","potentialAction":[{"@type":"ReadAction","target":["https:\/\/patyki-lasmozliwosci.pl\/o-nas\/"]}]},{"@type":"ImageObject","inLanguage":"en-GB","@id":"https:\/\/patyki-lasmozliwosci.pl\/o-nas\/#primaryimage","url":"https:\/\/landing.patyki-lasmozliwosci.pl\/wp-content\/uploads\/2025\/09\/slonce-do-kolazu.webp","contentUrl":"https:\/\/landing.patyki-lasmozliwosci.pl\/wp-content\/uploads\/2025\/09\/slonce-do-kolazu.webp"},{"@type":"BreadcrumbList","@id":"https:\/\/patyki-lasmozliwosci.pl\/o-nas\/#breadcrumb","itemListElement":[{"@type":"ListItem","position":1,"name":"Home","item":"https:\/\/patyki-lasmozliwosci.pl\/"},{"@type":"ListItem","position":2,"name":"O nas"}]},{"@type":"WebSite","@id":"https:\/\/patyki-lasmozliwosci.pl\/#website","url":"https:\/\/patyki-lasmozliwosci.pl\/","name":"Sticks - a forest of possibilities","description":"Active or lazy? Relax as you like!","publisher":{"@id":"https:\/\/patyki-lasmozliwosci.pl\/#organization"},"potentialAction":[{"@type":"SearchAction","target":{"@type":"EntryPoint","urlTemplate":"https:\/\/patyki-lasmozliwosci.pl\/?s={search_term_string}"},"query-input":{"@type":"PropertyValueSpecification","valueRequired":true,"valueName":"search_term_string"}}],"inLanguage":"en-GB"},{"@type":"Organization","@id":"https:\/\/patyki-lasmozliwosci.pl\/#organization","name":"Sticks - a forest of possibilities","url":"https:\/\/patyki-lasmozliwosci.pl\/","logo":{"@type":"ImageObject","inLanguage":"en-GB","@id":"https:\/\/patyki-lasmozliwosci.pl\/#\/schema\/logo\/image\/","url":"https:\/\/patyki-lasmozliwosci.pl\/wp-content\/uploads\/2025\/09\/Poziom-Jasny-1.svg","contentUrl":"https:\/\/patyki-lasmozliwosci.pl\/wp-content\/uploads\/2025\/09\/Poziom-Jasny-1.svg","width":417,"height":107,"caption":"Patyki - las mo\u017cliwo\u015bci"},"image":{"@id":"https:\/\/patyki-lasmozliwosci.pl\/#\/schema\/logo\/image\/"}}]}},"_links":{"self":[{"href":"https:\/\/patyki-lasmozliwosci.pl\/en\/wp-json\/wp\/v2\/pages\/432","targetHints":{"allow":["GET"]}}],"collection":[{"href":"https:\/\/patyki-lasmozliwosci.pl\/en\/wp-json\/wp\/v2\/pages"}],"about":[{"href":"https:\/\/patyki-lasmozliwosci.pl\/en\/wp-json\/wp\/v2\/types\/page"}],"author":[{"embeddable":true,"href":"https:\/\/patyki-lasmozliwosci.pl\/en\/wp-json\/wp\/v2\/users\/1"}],"replies":[{"embeddable":true,"href":"https:\/\/patyki-lasmozliwosci.pl\/en\/wp-json\/wp\/v2\/comments?post=432"}],"version-history":[{"count":13,"href":"https:\/\/patyki-lasmozliwosci.pl\/en\/wp-json\/wp\/v2\/pages\/432\/revisions"}],"predecessor-version":[{"id":600,"href":"https:\/\/patyki-lasmozliwosci.pl\/en\/wp-json\/wp\/v2\/pages\/432\/revisions\/600"}],"wp:attachment":[{"href":"https:\/\/patyki-lasmozliwosci.pl\/en\/wp-json\/wp\/v2\/media?parent=432"}],"curies":[{"name":"wp","href":"https:\/\/api.w.org\/{rel}","templated":true}]}}