{"id":424,"date":"2025-09-12T07:03:40","date_gmt":"2025-09-12T07:03:40","guid":{"rendered":"https:\/\/landing.patyki-lasmozliwosci.pl\/?page_id=424"},"modified":"2025-09-12T15:03:43","modified_gmt":"2025-09-12T15:03:43","slug":"for-the-organisers","status":"publish","type":"page","link":"https:\/\/patyki-lasmozliwosci.pl\/en\/dla-organizatorow\/","title":{"rendered":"Organisers"},"content":{"rendered":"\t\t<div data-elementor-type=\"wp-page\" data-elementor-id=\"424\" class=\"elementor elementor-424\" data-elementor-post-type=\"page\">\n\t\t\t\t<div class=\"elementor-element elementor-element-aa26994 e-flex e-con-boxed e-con e-parent\" data-id=\"aa26994\" data-element_type=\"container\" data-e-type=\"container\">\n\t\t\t\t\t<div class=\"e-con-inner\">\n\t\t<div class=\"elementor-element elementor-element-d348afa e-con-full e-flex e-con e-child\" data-id=\"d348afa\" data-element_type=\"container\" data-e-type=\"container\">\n\t\t\t\t<div class=\"elementor-element elementor-element-73f85ed elementor-widget elementor-widget-image\" data-id=\"73f85ed\" data-element_type=\"widget\" data-e-type=\"widget\" data-widget_type=\"image.default\">\n\t\t\t\t\t\t\t\t\t\t\t\t\t\t\t<img fetchpriority=\"high\" decoding=\"async\" width=\"513\" height=\"283\" src=\"https:\/\/patyki-lasmozliwosci.pl\/wp-content\/uploads\/2025\/09\/zlota-tecza-kolaz.webp\" class=\"attachment-large size-large wp-image-213\" alt=\"\" srcset=\"https:\/\/patyki-lasmozliwosci.pl\/wp-content\/uploads\/2025\/09\/zlota-tecza-kolaz.webp 513w, https:\/\/patyki-lasmozliwosci.pl\/wp-content\/uploads\/2025\/09\/zlota-tecza-kolaz-300x165.webp 300w\" sizes=\"(max-width: 513px) 100vw, 513px\" \/>\t\t\t\t\t\t\t\t\t\t\t\t\t\t\t<\/div>\n\t\t\t\t<div class=\"elementor-element elementor-element-66042a3 elementor-widget elementor-widget-heading\" data-id=\"66042a3\" data-element_type=\"widget\" data-e-type=\"widget\" data-widget_type=\"heading.default\">\n\t\t\t\t\t<h2 class=\"elementor-heading-title elementor-size-default\">Zorganizuj swoje wydarzenie<\/h2>\t\t\t\t<\/div>\n\t\t<div class=\"elementor-element elementor-element-ed10815 e-con-full e-flex e-con e-child\" data-id=\"ed10815\" data-element_type=\"container\" data-e-type=\"container\">\n\t\t\t\t<div class=\"elementor-element elementor-element-f0f7f87 elementor-mobile-align-justify elementor-widget elementor-widget-button\" data-id=\"f0f7f87\" data-element_type=\"widget\" data-e-type=\"widget\" data-widget_type=\"button.default\">\n\t\t\t\t\t\t\t\t\t\t<a class=\"elementor-button elementor-button-link elementor-size-sm\" href=\"https:\/\/patyki-lasmozliwosci.pl\/dla-organizatorow\/imprezy-firmowe\/\" target=\"_blank\">\n\t\t\t\t\t\t<span class=\"elementor-button-content-wrapper\">\n\t\t\t\t\t\t\t\t\t<span class=\"elementor-button-text\">Oferta dla firm<\/span>\n\t\t\t\t\t<\/span>\n\t\t\t\t\t<\/a>\n\t\t\t\t\t\t\t\t<\/div>\n\t\t\t\t<div class=\"elementor-element elementor-element-5977221 elementor-mobile-align-justify elementor-widget elementor-widget-button\" data-id=\"5977221\" data-element_type=\"widget\" data-e-type=\"widget\" data-widget_type=\"button.default\">\n\t\t\t\t\t\t\t\t\t\t<a class=\"elementor-button elementor-button-link elementor-size-sm\" href=\"https:\/\/patyki-lasmozliwosci.pl\/dla-organizatorow\/imprezy-sportowe\/\" target=\"_blank\">\n\t\t\t\t\t\t<span class=\"elementor-button-content-wrapper\">\n\t\t\t\t\t\t\t\t\t<span class=\"elementor-button-text\">Oferta sportowa<\/span>\n\t\t\t\t\t<\/span>\n\t\t\t\t\t<\/a>\n\t\t\t\t\t\t\t\t<\/div>\n\t\t\t\t<\/div>\n\t\t\t\t<\/div>\n\t\t<div class=\"elementor-element elementor-element-7d20584 e-con-full e-flex e-con e-child\" data-id=\"7d20584\" data-element_type=\"container\" data-e-type=\"container\">\n\t\t\t\t<div class=\"elementor-element elementor-element-094ea49 elementor-widget__width-initial elementor-absolute elementor-widget elementor-widget-image\" data-id=\"094ea49\" data-element_type=\"widget\" data-e-type=\"widget\" data-settings=\"{&quot;_position&quot;:&quot;absolute&quot;,&quot;motion_fx_motion_fx_scrolling&quot;:&quot;yes&quot;,&quot;motion_fx_translateY_effect&quot;:&quot;yes&quot;,&quot;motion_fx_translateY_speed&quot;:{&quot;unit&quot;:&quot;px&quot;,&quot;size&quot;:0.9,&quot;sizes&quot;:[]},&quot;motion_fx_translateY_affectedRange&quot;:{&quot;unit&quot;:&quot;%&quot;,&quot;size&quot;:&quot;&quot;,&quot;sizes&quot;:{&quot;start&quot;:0,&quot;end&quot;:100}},&quot;motion_fx_devices&quot;:[&quot;desktop&quot;,&quot;tablet&quot;,&quot;mobile&quot;]}\" data-widget_type=\"image.default\">\n\t\t\t\t\t\t\t\t\t\t\t\t\t\t\t<img decoding=\"async\" width=\"432\" height=\"427\" src=\"https:\/\/patyki-lasmozliwosci.pl\/wp-content\/uploads\/2025\/09\/slonce-do-kolazu.webp\" class=\"attachment-medium_large size-medium_large wp-image-239\" alt=\"\" srcset=\"https:\/\/patyki-lasmozliwosci.pl\/wp-content\/uploads\/2025\/09\/slonce-do-kolazu.webp 432w, https:\/\/patyki-lasmozliwosci.pl\/wp-content\/uploads\/2025\/09\/slonce-do-kolazu-300x297.webp 300w\" sizes=\"(max-width: 432px) 100vw, 432px\" \/>\t\t\t\t\t\t\t\t\t\t\t\t\t\t\t<\/div>\n\t\t<div class=\"elementor-element elementor-element-aa826bb e-con-full e-flex e-con e-child\" data-id=\"aa826bb\" data-element_type=\"container\" data-e-type=\"container\" data-settings=\"{&quot;background_background&quot;:&quot;classic&quot;,&quot;motion_fx_motion_fx_scrolling&quot;:&quot;yes&quot;,&quot;motion_fx_translateY_effect&quot;:&quot;yes&quot;,&quot;motion_fx_translateY_speed&quot;:{&quot;unit&quot;:&quot;px&quot;,&quot;size&quot;:0.5,&quot;sizes&quot;:[]},&quot;motion_fx_translateY_affectedRange&quot;:{&quot;unit&quot;:&quot;%&quot;,&quot;size&quot;:&quot;&quot;,&quot;sizes&quot;:{&quot;start&quot;:0,&quot;end&quot;:100}},&quot;motion_fx_devices&quot;:[&quot;desktop&quot;,&quot;tablet&quot;,&quot;mobile&quot;]}\">\n\t\t\t\t<\/div>\n\t\t<div class=\"elementor-element elementor-element-5f07aff e-con-full e-flex e-con e-child\" data-id=\"5f07aff\" data-element_type=\"container\" data-e-type=\"container\" data-settings=\"{&quot;background_background&quot;:&quot;classic&quot;,&quot;motion_fx_motion_fx_scrolling&quot;:&quot;yes&quot;,&quot;motion_fx_translateY_effect&quot;:&quot;yes&quot;,&quot;motion_fx_translateY_speed&quot;:{&quot;unit&quot;:&quot;px&quot;,&quot;size&quot;:0.3,&quot;sizes&quot;:[]},&quot;motion_fx_translateY_affectedRange&quot;:{&quot;unit&quot;:&quot;%&quot;,&quot;size&quot;:&quot;&quot;,&quot;sizes&quot;:{&quot;start&quot;:0,&quot;end&quot;:100}},&quot;motion_fx_devices&quot;:[&quot;desktop&quot;,&quot;tablet&quot;,&quot;mobile&quot;]}\">\n\t\t\t\t<\/div>\n\t\t\t\t<div class=\"elementor-element elementor-element-4f30737 elementor-widget__width-initial elementor-absolute elementor-widget elementor-widget-image\" data-id=\"4f30737\" data-element_type=\"widget\" data-e-type=\"widget\" data-settings=\"{&quot;_position&quot;:&quot;absolute&quot;}\" data-widget_type=\"image.default\">\n\t\t\t\t\t\t\t\t\t\t\t\t\t\t\t<img decoding=\"async\" width=\"145\" height=\"241\" src=\"https:\/\/patyki-lasmozliwosci.pl\/wp-content\/uploads\/2025\/09\/kolka-do-kolazu.svg\" class=\"attachment-large size-large wp-image-238\" alt=\"\" \/>\t\t\t\t\t\t\t\t\t\t\t\t\t\t\t<\/div>\n\t\t\t\t<\/div>\n\t\t\t\t\t<\/div>\n\t\t\t\t<\/div>\n\t\t\t\t<\/div>\n\t\t","protected":false},"excerpt":{"rendered":"<p>Organise your event Offer for companies Sports offer<\/p>","protected":false},"author":1,"featured_media":0,"parent":0,"menu_order":0,"comment_status":"closed","ping_status":"closed","template":"","meta":{"footnotes":""},"class_list":["post-424","page","type-page","status-publish","hentry"],"yoast_head":"<!-- This site is optimized with the Yoast SEO plugin v27.2 - https:\/\/yoast.com\/product\/yoast-seo-wordpress\/ -->\n<title>Dla organizator\u00f3w - Patyki - las mo\u017cliwo\u015bci<\/title>\n<meta name=\"robots\" content=\"index, follow, max-snippet:-1, max-image-preview:large, max-video-preview:-1\" \/>\n<link rel=\"canonical\" href=\"https:\/\/patyki-lasmozliwosci.pl\/en\/for-the-organisers\/\" \/>\n<meta property=\"og:locale\" content=\"en_GB\" \/>\n<meta property=\"og:type\" content=\"article\" \/>\n<meta property=\"og:title\" content=\"Dla organizator\u00f3w - Patyki - las mo\u017cliwo\u015bci\" \/>\n<meta property=\"og:description\" content=\"Zorganizuj swoje wydarzenie Oferta dla firm Oferta sportowa\" \/>\n<meta property=\"og:url\" content=\"https:\/\/patyki-lasmozliwosci.pl\/en\/for-the-organisers\/\" \/>\n<meta property=\"og:site_name\" content=\"Patyki - las mo\u017cliwo\u015bci\" \/>\n<meta property=\"article:modified_time\" content=\"2025-09-12T15:03:43+00:00\" \/>\n<meta property=\"og:image\" content=\"https:\/\/landing.patyki-lasmozliwosci.pl\/wp-content\/uploads\/2025\/09\/zlota-tecza-kolaz.webp\" \/>\n<meta name=\"twitter:card\" content=\"summary_large_image\" \/>\n<meta name=\"twitter:label1\" content=\"Estimated reading time\" \/>\n\t<meta name=\"twitter:data1\" content=\"1 minute\" \/>\n<script type=\"application\/ld+json\" class=\"yoast-schema-graph\">{\"@context\":\"https:\/\/schema.org\",\"@graph\":[{\"@type\":\"WebPage\",\"@id\":\"https:\/\/patyki-lasmozliwosci.pl\/dla-organizatorow\/\",\"url\":\"https:\/\/patyki-lasmozliwosci.pl\/dla-organizatorow\/\",\"name\":\"Dla organizator\u00f3w - Patyki - las mo\u017cliwo\u015bci\",\"isPartOf\":{\"@id\":\"https:\/\/patyki-lasmozliwosci.pl\/#website\"},\"primaryImageOfPage\":{\"@id\":\"https:\/\/patyki-lasmozliwosci.pl\/dla-organizatorow\/#primaryimage\"},\"image\":{\"@id\":\"https:\/\/patyki-lasmozliwosci.pl\/dla-organizatorow\/#primaryimage\"},\"thumbnailUrl\":\"https:\/\/landing.patyki-lasmozliwosci.pl\/wp-content\/uploads\/2025\/09\/zlota-tecza-kolaz.webp\",\"datePublished\":\"2025-09-12T07:03:40+00:00\",\"dateModified\":\"2025-09-12T15:03:43+00:00\",\"breadcrumb\":{\"@id\":\"https:\/\/patyki-lasmozliwosci.pl\/dla-organizatorow\/#breadcrumb\"},\"inLanguage\":\"en-GB\",\"potentialAction\":[{\"@type\":\"ReadAction\",\"target\":[\"https:\/\/patyki-lasmozliwosci.pl\/dla-organizatorow\/\"]}]},{\"@type\":\"ImageObject\",\"inLanguage\":\"en-GB\",\"@id\":\"https:\/\/patyki-lasmozliwosci.pl\/dla-organizatorow\/#primaryimage\",\"url\":\"https:\/\/landing.patyki-lasmozliwosci.pl\/wp-content\/uploads\/2025\/09\/zlota-tecza-kolaz.webp\",\"contentUrl\":\"https:\/\/landing.patyki-lasmozliwosci.pl\/wp-content\/uploads\/2025\/09\/zlota-tecza-kolaz.webp\"},{\"@type\":\"BreadcrumbList\",\"@id\":\"https:\/\/patyki-lasmozliwosci.pl\/dla-organizatorow\/#breadcrumb\",\"itemListElement\":[{\"@type\":\"ListItem\",\"position\":1,\"name\":\"Home\",\"item\":\"https:\/\/patyki-lasmozliwosci.pl\/\"},{\"@type\":\"ListItem\",\"position\":2,\"name\":\"Dla organizator\u00f3w\"}]},{\"@type\":\"WebSite\",\"@id\":\"https:\/\/patyki-lasmozliwosci.pl\/#website\",\"url\":\"https:\/\/patyki-lasmozliwosci.pl\/\",\"name\":\"Patyki - las mo\u017cliwo\u015bci\",\"description\":\"Aktywnie czy leniwie? Odpocznij jak lubisz!\",\"publisher\":{\"@id\":\"https:\/\/patyki-lasmozliwosci.pl\/#organization\"},\"potentialAction\":[{\"@type\":\"SearchAction\",\"target\":{\"@type\":\"EntryPoint\",\"urlTemplate\":\"https:\/\/patyki-lasmozliwosci.pl\/?s={search_term_string}\"},\"query-input\":{\"@type\":\"PropertyValueSpecification\",\"valueRequired\":true,\"valueName\":\"search_term_string\"}}],\"inLanguage\":\"en-GB\"},{\"@type\":\"Organization\",\"@id\":\"https:\/\/patyki-lasmozliwosci.pl\/#organization\",\"name\":\"Patyki - las mo\u017cliwo\u015bci\",\"url\":\"https:\/\/patyki-lasmozliwosci.pl\/\",\"logo\":{\"@type\":\"ImageObject\",\"inLanguage\":\"en-GB\",\"@id\":\"https:\/\/patyki-lasmozliwosci.pl\/#\/schema\/logo\/image\/\",\"url\":\"https:\/\/patyki-lasmozliwosci.pl\/wp-content\/uploads\/2025\/09\/Poziom-Jasny-1.svg\",\"contentUrl\":\"https:\/\/patyki-lasmozliwosci.pl\/wp-content\/uploads\/2025\/09\/Poziom-Jasny-1.svg\",\"width\":417,\"height\":107,\"caption\":\"Patyki - las mo\u017cliwo\u015bci\"},\"image\":{\"@id\":\"https:\/\/patyki-lasmozliwosci.pl\/#\/schema\/logo\/image\/\"}}]}<\/script>\n<!-- \/ Yoast SEO plugin. -->","yoast_head_json":{"title":"For organisers - Sticks - a forest of possibilities","robots":{"index":"index","follow":"follow","max-snippet":"max-snippet:-1","max-image-preview":"max-image-preview:large","max-video-preview":"max-video-preview:-1"},"canonical":"https:\/\/patyki-lasmozliwosci.pl\/en\/for-the-organisers\/","og_locale":"en_GB","og_type":"article","og_title":"Dla organizator\u00f3w - Patyki - las mo\u017cliwo\u015bci","og_description":"Zorganizuj swoje wydarzenie Oferta dla firm Oferta sportowa","og_url":"https:\/\/patyki-lasmozliwosci.pl\/en\/for-the-organisers\/","og_site_name":"Patyki - las mo\u017cliwo\u015bci","article_modified_time":"2025-09-12T15:03:43+00:00","og_image":[{"url":"https:\/\/landing.patyki-lasmozliwosci.pl\/wp-content\/uploads\/2025\/09\/zlota-tecza-kolaz.webp","type":"","width":"","height":""}],"twitter_card":"summary_large_image","twitter_misc":{"Estimated reading time":"1 minute"},"schema":{"@context":"https:\/\/schema.org","@graph":[{"@type":"WebPage","@id":"https:\/\/patyki-lasmozliwosci.pl\/dla-organizatorow\/","url":"https:\/\/patyki-lasmozliwosci.pl\/dla-organizatorow\/","name":"For organisers - Sticks - a forest of possibilities","isPartOf":{"@id":"https:\/\/patyki-lasmozliwosci.pl\/#website"},"primaryImageOfPage":{"@id":"https:\/\/patyki-lasmozliwosci.pl\/dla-organizatorow\/#primaryimage"},"image":{"@id":"https:\/\/patyki-lasmozliwosci.pl\/dla-organizatorow\/#primaryimage"},"thumbnailUrl":"https:\/\/landing.patyki-lasmozliwosci.pl\/wp-content\/uploads\/2025\/09\/zlota-tecza-kolaz.webp","datePublished":"2025-09-12T07:03:40+00:00","dateModified":"2025-09-12T15:03:43+00:00","breadcrumb":{"@id":"https:\/\/patyki-lasmozliwosci.pl\/dla-organizatorow\/#breadcrumb"},"inLanguage":"en-GB","potentialAction":[{"@type":"ReadAction","target":["https:\/\/patyki-lasmozliwosci.pl\/dla-organizatorow\/"]}]},{"@type":"ImageObject","inLanguage":"en-GB","@id":"https:\/\/patyki-lasmozliwosci.pl\/dla-organizatorow\/#primaryimage","url":"https:\/\/landing.patyki-lasmozliwosci.pl\/wp-content\/uploads\/2025\/09\/zlota-tecza-kolaz.webp","contentUrl":"https:\/\/landing.patyki-lasmozliwosci.pl\/wp-content\/uploads\/2025\/09\/zlota-tecza-kolaz.webp"},{"@type":"BreadcrumbList","@id":"https:\/\/patyki-lasmozliwosci.pl\/dla-organizatorow\/#breadcrumb","itemListElement":[{"@type":"ListItem","position":1,"name":"Home","item":"https:\/\/patyki-lasmozliwosci.pl\/"},{"@type":"ListItem","position":2,"name":"Dla organizator\u00f3w"}]},{"@type":"WebSite","@id":"https:\/\/patyki-lasmozliwosci.pl\/#website","url":"https:\/\/patyki-lasmozliwosci.pl\/","name":"Sticks - a forest of possibilities","description":"Active or lazy? Relax as you like!","publisher":{"@id":"https:\/\/patyki-lasmozliwosci.pl\/#organization"},"potentialAction":[{"@type":"SearchAction","target":{"@type":"EntryPoint","urlTemplate":"https:\/\/patyki-lasmozliwosci.pl\/?s={search_term_string}"},"query-input":{"@type":"PropertyValueSpecification","valueRequired":true,"valueName":"search_term_string"}}],"inLanguage":"en-GB"},{"@type":"Organization","@id":"https:\/\/patyki-lasmozliwosci.pl\/#organization","name":"Sticks - a forest of possibilities","url":"https:\/\/patyki-lasmozliwosci.pl\/","logo":{"@type":"ImageObject","inLanguage":"en-GB","@id":"https:\/\/patyki-lasmozliwosci.pl\/#\/schema\/logo\/image\/","url":"https:\/\/patyki-lasmozliwosci.pl\/wp-content\/uploads\/2025\/09\/Poziom-Jasny-1.svg","contentUrl":"https:\/\/patyki-lasmozliwosci.pl\/wp-content\/uploads\/2025\/09\/Poziom-Jasny-1.svg","width":417,"height":107,"caption":"Patyki - las mo\u017cliwo\u015bci"},"image":{"@id":"https:\/\/patyki-lasmozliwosci.pl\/#\/schema\/logo\/image\/"}}]}},"_links":{"self":[{"href":"https:\/\/patyki-lasmozliwosci.pl\/en\/wp-json\/wp\/v2\/pages\/424","targetHints":{"allow":["GET"]}}],"collection":[{"href":"https:\/\/patyki-lasmozliwosci.pl\/en\/wp-json\/wp\/v2\/pages"}],"about":[{"href":"https:\/\/patyki-lasmozliwosci.pl\/en\/wp-json\/wp\/v2\/types\/page"}],"author":[{"embeddable":true,"href":"https:\/\/patyki-lasmozliwosci.pl\/en\/wp-json\/wp\/v2\/users\/1"}],"replies":[{"embeddable":true,"href":"https:\/\/patyki-lasmozliwosci.pl\/en\/wp-json\/wp\/v2\/comments?post=424"}],"version-history":[{"count":10,"href":"https:\/\/patyki-lasmozliwosci.pl\/en\/wp-json\/wp\/v2\/pages\/424\/revisions"}],"predecessor-version":[{"id":573,"href":"https:\/\/patyki-lasmozliwosci.pl\/en\/wp-json\/wp\/v2\/pages\/424\/revisions\/573"}],"wp:attachment":[{"href":"https:\/\/patyki-lasmozliwosci.pl\/en\/wp-json\/wp\/v2\/media?parent=424"}],"curies":[{"name":"wp","href":"https:\/\/api.w.org\/{rel}","templated":true}]}}