{"id":1501,"date":"2025-10-27T16:23:52","date_gmt":"2025-10-27T16:23:52","guid":{"rendered":"https:\/\/landing.patyki-lasmozliwosci.pl\/?page_id=1501"},"modified":"2026-03-06T09:03:34","modified_gmt":"2026-03-06T09:03:34","slug":"privacy-policy","status":"publish","type":"page","link":"https:\/\/patyki-lasmozliwosci.pl\/en\/polityka-prywatnosci\/","title":{"rendered":"Privacy Policy"},"content":{"rendered":"<div data-elementor-type=\"wp-page\" data-elementor-id=\"1501\" class=\"elementor elementor-1501\" data-elementor-post-type=\"page\">\n\t\t\t\t<div class=\"elementor-element elementor-element-a95e341 e-flex e-con-boxed e-con e-parent\" data-id=\"a95e341\" data-element_type=\"container\" data-e-type=\"container\">\n\t\t\t\t\t<div class=\"e-con-inner\">\n\t\t\t\t<div class=\"elementor-element elementor-element-2fef1c2 elementor-widget elementor-widget-heading\" data-id=\"2fef1c2\" data-element_type=\"widget\" data-e-type=\"widget\" data-widget_type=\"heading.default\">\n\t\t\t\t\t<h2 class=\"elementor-heading-title elementor-size-default\">Privacy Policy<\/h2>\t\t\t\t<\/div>\n\t\t\t\t<div class=\"elementor-element elementor-element-665c349 elementor-widget elementor-widget-text-editor\" data-id=\"665c349\" data-element_type=\"widget\" data-e-type=\"widget\" data-widget_type=\"text-editor.default\">\n\t\t\t\t\t\t\t\t\t<h3>\u00a7 1 General provisions<\/h3><p>This Privacy Policy (hereinafter referred to as the \u201ePrivacy Policy\u201d) sets out how personal data necessary for the performance of the services provided through the Patyki Las mo\u017cliwo\u015bci mobile application (hereinafter referred to as the \u201eApplication\u201d) by Turystyka Patyki sp. z o.o. is collected, processed and stored.<\/p><p>The User acknowledges that the Administrator of the personal data is the company Turystyka Patyki sp. z o.o. NIP 7306128141 under the KRS number 0000839557 (hereinafter referred to as \u201eAdministrator\u201d).<\/p><p>The User is any natural person using the services provided through the Application.<\/p><p>The User acknowledges that the provision of personal data by the User is voluntary. The provision of personal data to the Administrator by the User will take place upon acceptance of the Privacy Policy when registering on the Application.<\/p><p>The personal data provided by the User may be used by the Administrator to send the User commercial information about the Administrator's news and offers, only if the User has agreed to receive such information.<\/p><p>The User hereby accepts the rules contained in the Privacy Policy and the Terms and Conditions.<\/p><h3>\u00a0<\/h3><h3>\u00a7 2 Data collected automatically<\/h3><p>The Administrator does not collect any personal data without the User's consent, but only data which does not have such an attribute, in particular demographic data and data concerning the use of the Application. The collection of the data described in the preceding sentence is carried out automatically (hereinafter referred to as \u201eautomatically collected data\u201d).<\/p><p>The data collected automatically do not allow unique identification of the User.<\/p><p>Data collected automatically may be used by the Administrator for statistical purposes, to improve the quality and functionality of the Application and to conduct market research.<\/p><h3>\u00a0<\/h3><h3>\u00a7 3 Security of personal data<\/h3><p>The Administrator shall make every effort to ensure that appropriate technical and organisational measures are in place to protect Users' personal data from unauthorised access by third parties and from loss or damage.<\/p><p>The administrator guarantees the confidentiality of any personal data provided to him.<\/p><p>The Administrator reserves the right to process the User's personal data in order to assert possible claims before a court or administrative authority.<\/p><h3>\u00a0<\/h3><h3>\u00a7 4 Contact<\/h3><p>If you have any questions or concerns about the Privacy Policy, you may contact the Administrator via the contact form available on the Application or directly at the email address: kontakt@turystykapatyki.com.<\/p><h3 style=\"color: #34302a; font-family: Poppins, sans-serif; font-weight: 500; line-height: 29.92px; font-size: 22px;\">\u00a0<\/h3><h3 style=\"color: #34302a; font-family: Poppins, sans-serif; font-weight: 500; line-height: 29.92px; font-size: 22px;\">\u00a7 5 Cookies<\/h3><div><h4><span style=\"font-size: 14.28px;\">What are cookies?<\/span><\/h4><div><span style=\"font-size: 14.28px;\">This Cookie Policy explains what cookies are, how we use them, the types of cookies we use (i.e. what information we collect through cookies and how that information is used), and how to manage your cookie settings.<\/span><\/div><div><span style=\"font-size: 14.28px;\">\u00a0<\/span><\/div><div><span style=\"font-size: 14.28px;\">Cookies are small text files used to store small amounts of information. They are stored on your device when a website loads in your browser. These cookies help to ensure the website works properly, improve security, provide a better user experience and analyse performance to determine what works well and where improvements are needed.<\/span><\/div><div>\u00a0<\/div><h4>How do we use cookies?<\/h4><div>Like most online services, our website uses both its own cookies and third-party cookies for various purposes. Our own cookies are primarily necessary for the proper functioning of the website and do not collect any personally identifiable information about you.<\/div><div>\u00a0<\/div><div>The third-party cookies used on our website primarily help us to understand how the website works, track how you use the website, keep our services secure, display relevant advertising and improve your overall user experience while accelerating your future interactions with our website.<\/div><div>\u00a0<\/div><div>\u00a0<\/div><h3>Types of cookies we use<\/h3><\/div>\t\t\t\t\t\t\t\t<\/div>\n\t\t\t\t<div class=\"elementor-element elementor-element-5ee2316 elementor-widget elementor-widget-html\" data-id=\"5ee2316\" data-element_type=\"widget\" data-e-type=\"widget\" data-widget_type=\"html.default\">\n\t\t\t\t\t<style>\n  a.cky-banner-element {\n    padding: 8px 30px;\n    background: #f8f9fa;\n    color: #858a8f;\n    border: 1px solid #dee2e6;\n    box-sizing: border-box;\n    border-radius: 2px;\n    cursor: pointer;\n    display: inline-block;\n    text-decoration: none;\n  }\n<\/style>\n\n<div class=\"cky-audit-table-element\"><\/div>\n\n<h3>Manage your cookie preferences<\/h3>\n<a class=\"cky-banner-element\">Consent preferences<\/a><br \/>\n\n<div>\n  <p>You can change your cookie settings at any time by clicking the \u201eConsent preferences\u201d button above. This will enable you to display the cookie consent banner again and update your preferences or withdraw your consent immediately.<\/p>\n  <p>In addition, different browsers offer different methods of blocking and deleting cookies used by websites. You can change your browser settings to block or delete cookies. Below are links to help documents on how to manage and delete cookies in the most popular browsers.<\/p>\n  <p>Chrome: <a target=\"_blank\" rel=\"noopener noreferrer\" href=\"https:\/\/support.google.com\/accounts\/answer\/32050\">https:\/\/support.google.com\/accounts\/answer\/32050<\/a><\/p>\n  <p>Safari: <a target=\"_blank\" rel=\"noopener noreferrer\" href=\"https:\/\/support.apple.com\/en-in\/guide\/safari\/sfri11471\/mac\">https:\/\/support.apple.com\/en-in\/guide\/safari\/sfri11471\/mac<\/a><\/p>\n  <p>Firefox: <a target=\"_blank\" rel=\"noopener noreferrer\" href=\"https:\/\/support.mozilla.org\/en-US\/kb\/clear-cookies-and-site-data-firefox?redirectslug=delete-cookies-remove-info-websites-stored&redirectlocale=en-US\">https:\/\/support.mozilla.org\/en-US\/kb\/clear-cookies-and-site-data-firefox?redirectslug=delete-cookies-remove-info-websites-stored&redirectlocale=en-US<\/a><\/p>\n  <p>Internet Explorer: <a target=\"_blank\" rel=\"noopener noreferrer\" href=\"https:\/\/support.microsoft.com\/en-us\/topic\/how-to-delete-cookie-files-in-internet-explorer-bca9446f-d873-78de-77ba-d42645fa52fc\">https:\/\/support.microsoft.com\/en-us\/topic\/how-to-delete-cookie-files-in-internet-explorer-bca9446f-d873-78de-77ba-d42645fa52fc<\/a><\/p>\n  <p>If you are using a different web browser, please refer to its official support documentation.<\/p>\n<\/div>\t\t\t\t<\/div>\n\t\t\t\t\t<\/div>\n\t\t\t\t<\/div>\n\t\t\t\t<\/div>","protected":false},"excerpt":{"rendered":"<p>\u00a7 1 Postanowienia og\u00f3lne Niniejsza Polityka Prywatno\u015bci (zwana dalej &#8222;Polityk\u0105 Prywatno\u015bci&#8221;) okre\u015bla spos\u00f3b zbierania, przetwarzania i przechowywania danych osobowych koniecznych do realizacji us\u0142ug \u015bwiadczonych za po\u015brednictwem aplikacji mobilnej Patyki Las Mo\u017cliwo\u015bci (zwanej dalej &#8222;Aplikacj\u0105&#8221;) przez sp\u00f3\u0142k\u0119 Turystyka Patyki sp. z o.o. U\u017cytkownik przyjmuje do wiadomo\u015bci, \u017ce Administratorem danych osobowych jest sp\u00f3\u0142ka Turystyka Patyki sp. z [&hellip;]<\/p>\n","protected":false},"author":1,"featured_media":0,"parent":0,"menu_order":0,"comment_status":"closed","ping_status":"closed","template":"","meta":{"footnotes":""},"class_list":["post-1501","page","type-page","status-publish","hentry"],"yoast_head":"<!-- This site is optimized with the Yoast SEO plugin v27.2 - https:\/\/yoast.com\/product\/yoast-seo-wordpress\/ -->\n<title>Polityka Prywatno\u015bci - Patyki - las mo\u017cliwo\u015bci<\/title>\n<meta name=\"robots\" content=\"index, follow, max-snippet:-1, max-image-preview:large, max-video-preview:-1\" \/>\n<link rel=\"canonical\" href=\"https:\/\/patyki-lasmozliwosci.pl\/en\/privacy-policy\/\" \/>\n<meta property=\"og:locale\" content=\"en_GB\" \/>\n<meta property=\"og:type\" content=\"article\" \/>\n<meta property=\"og:title\" content=\"Polityka Prywatno\u015bci - Patyki - las mo\u017cliwo\u015bci\" \/>\n<meta property=\"og:description\" content=\"\u00a7 1 Postanowienia og\u00f3lne Niniejsza Polityka Prywatno\u015bci (zwana dalej &#8222;Polityk\u0105 Prywatno\u015bci&#8221;) okre\u015bla spos\u00f3b zbierania, przetwarzania i przechowywania danych osobowych koniecznych do realizacji us\u0142ug \u015bwiadczonych za po\u015brednictwem aplikacji mobilnej Patyki Las Mo\u017cliwo\u015bci (zwanej dalej &#8222;Aplikacj\u0105&#8221;) przez sp\u00f3\u0142k\u0119 Turystyka Patyki sp. z o.o. U\u017cytkownik przyjmuje do wiadomo\u015bci, \u017ce Administratorem danych osobowych jest sp\u00f3\u0142ka Turystyka Patyki sp. z [&hellip;]\" \/>\n<meta property=\"og:url\" content=\"https:\/\/patyki-lasmozliwosci.pl\/en\/privacy-policy\/\" \/>\n<meta property=\"og:site_name\" content=\"Patyki - las mo\u017cliwo\u015bci\" \/>\n<meta property=\"article:modified_time\" content=\"2026-03-06T09:03:34+00:00\" \/>\n<meta name=\"twitter:card\" content=\"summary_large_image\" \/>\n<meta name=\"twitter:label1\" content=\"Estimated reading time\" \/>\n\t<meta name=\"twitter:data1\" content=\"3 minutes\" \/>\n<script type=\"application\/ld+json\" class=\"yoast-schema-graph\">{\"@context\":\"https:\/\/schema.org\",\"@graph\":[{\"@type\":\"WebPage\",\"@id\":\"https:\/\/patyki-lasmozliwosci.pl\/polityka-prywatnosci\/\",\"url\":\"https:\/\/patyki-lasmozliwosci.pl\/polityka-prywatnosci\/\",\"name\":\"Polityka Prywatno\u015bci - Patyki - las mo\u017cliwo\u015bci\",\"isPartOf\":{\"@id\":\"https:\/\/patyki-lasmozliwosci.pl\/#website\"},\"datePublished\":\"2025-10-27T16:23:52+00:00\",\"dateModified\":\"2026-03-06T09:03:34+00:00\",\"breadcrumb\":{\"@id\":\"https:\/\/patyki-lasmozliwosci.pl\/polityka-prywatnosci\/#breadcrumb\"},\"inLanguage\":\"en-GB\",\"potentialAction\":[{\"@type\":\"ReadAction\",\"target\":[\"https:\/\/patyki-lasmozliwosci.pl\/polityka-prywatnosci\/\"]}]},{\"@type\":\"BreadcrumbList\",\"@id\":\"https:\/\/patyki-lasmozliwosci.pl\/polityka-prywatnosci\/#breadcrumb\",\"itemListElement\":[{\"@type\":\"ListItem\",\"position\":1,\"name\":\"Home\",\"item\":\"https:\/\/patyki-lasmozliwosci.pl\/\"},{\"@type\":\"ListItem\",\"position\":2,\"name\":\"Polityka Prywatno\u015bci\"}]},{\"@type\":\"WebSite\",\"@id\":\"https:\/\/patyki-lasmozliwosci.pl\/#website\",\"url\":\"https:\/\/patyki-lasmozliwosci.pl\/\",\"name\":\"Patyki - las mo\u017cliwo\u015bci\",\"description\":\"Aktywnie czy leniwie? Odpocznij jak lubisz!\",\"publisher\":{\"@id\":\"https:\/\/patyki-lasmozliwosci.pl\/#organization\"},\"potentialAction\":[{\"@type\":\"SearchAction\",\"target\":{\"@type\":\"EntryPoint\",\"urlTemplate\":\"https:\/\/patyki-lasmozliwosci.pl\/?s={search_term_string}\"},\"query-input\":{\"@type\":\"PropertyValueSpecification\",\"valueRequired\":true,\"valueName\":\"search_term_string\"}}],\"inLanguage\":\"en-GB\"},{\"@type\":\"Organization\",\"@id\":\"https:\/\/patyki-lasmozliwosci.pl\/#organization\",\"name\":\"Patyki - las mo\u017cliwo\u015bci\",\"url\":\"https:\/\/patyki-lasmozliwosci.pl\/\",\"logo\":{\"@type\":\"ImageObject\",\"inLanguage\":\"en-GB\",\"@id\":\"https:\/\/patyki-lasmozliwosci.pl\/#\/schema\/logo\/image\/\",\"url\":\"https:\/\/patyki-lasmozliwosci.pl\/wp-content\/uploads\/2025\/09\/Poziom-Jasny-1.svg\",\"contentUrl\":\"https:\/\/patyki-lasmozliwosci.pl\/wp-content\/uploads\/2025\/09\/Poziom-Jasny-1.svg\",\"width\":417,\"height\":107,\"caption\":\"Patyki - las mo\u017cliwo\u015bci\"},\"image\":{\"@id\":\"https:\/\/patyki-lasmozliwosci.pl\/#\/schema\/logo\/image\/\"}}]}<\/script>\n<!-- \/ Yoast SEO plugin. -->","yoast_head_json":{"title":"Privacy policy - Sticks - a forest of possibilities","robots":{"index":"index","follow":"follow","max-snippet":"max-snippet:-1","max-image-preview":"max-image-preview:large","max-video-preview":"max-video-preview:-1"},"canonical":"https:\/\/patyki-lasmozliwosci.pl\/en\/privacy-policy\/","og_locale":"en_GB","og_type":"article","og_title":"Polityka Prywatno\u015bci - Patyki - las mo\u017cliwo\u015bci","og_description":"\u00a7 1 Postanowienia og\u00f3lne Niniejsza Polityka Prywatno\u015bci (zwana dalej &#8222;Polityk\u0105 Prywatno\u015bci&#8221;) okre\u015bla spos\u00f3b zbierania, przetwarzania i przechowywania danych osobowych koniecznych do realizacji us\u0142ug \u015bwiadczonych za po\u015brednictwem aplikacji mobilnej Patyki Las Mo\u017cliwo\u015bci (zwanej dalej &#8222;Aplikacj\u0105&#8221;) przez sp\u00f3\u0142k\u0119 Turystyka Patyki sp. z o.o. U\u017cytkownik przyjmuje do wiadomo\u015bci, \u017ce Administratorem danych osobowych jest sp\u00f3\u0142ka Turystyka Patyki sp. z [&hellip;]","og_url":"https:\/\/patyki-lasmozliwosci.pl\/en\/privacy-policy\/","og_site_name":"Patyki - las mo\u017cliwo\u015bci","article_modified_time":"2026-03-06T09:03:34+00:00","twitter_card":"summary_large_image","twitter_misc":{"Estimated reading time":"3 minutes"},"schema":{"@context":"https:\/\/schema.org","@graph":[{"@type":"WebPage","@id":"https:\/\/patyki-lasmozliwosci.pl\/polityka-prywatnosci\/","url":"https:\/\/patyki-lasmozliwosci.pl\/polityka-prywatnosci\/","name":"Privacy policy - Sticks - a forest of possibilities","isPartOf":{"@id":"https:\/\/patyki-lasmozliwosci.pl\/#website"},"datePublished":"2025-10-27T16:23:52+00:00","dateModified":"2026-03-06T09:03:34+00:00","breadcrumb":{"@id":"https:\/\/patyki-lasmozliwosci.pl\/polityka-prywatnosci\/#breadcrumb"},"inLanguage":"en-GB","potentialAction":[{"@type":"ReadAction","target":["https:\/\/patyki-lasmozliwosci.pl\/polityka-prywatnosci\/"]}]},{"@type":"BreadcrumbList","@id":"https:\/\/patyki-lasmozliwosci.pl\/polityka-prywatnosci\/#breadcrumb","itemListElement":[{"@type":"ListItem","position":1,"name":"Home","item":"https:\/\/patyki-lasmozliwosci.pl\/"},{"@type":"ListItem","position":2,"name":"Polityka Prywatno\u015bci"}]},{"@type":"WebSite","@id":"https:\/\/patyki-lasmozliwosci.pl\/#website","url":"https:\/\/patyki-lasmozliwosci.pl\/","name":"Sticks - a forest of possibilities","description":"Active or lazy? Relax as you like!","publisher":{"@id":"https:\/\/patyki-lasmozliwosci.pl\/#organization"},"potentialAction":[{"@type":"SearchAction","target":{"@type":"EntryPoint","urlTemplate":"https:\/\/patyki-lasmozliwosci.pl\/?s={search_term_string}"},"query-input":{"@type":"PropertyValueSpecification","valueRequired":true,"valueName":"search_term_string"}}],"inLanguage":"en-GB"},{"@type":"Organization","@id":"https:\/\/patyki-lasmozliwosci.pl\/#organization","name":"Sticks - a forest of possibilities","url":"https:\/\/patyki-lasmozliwosci.pl\/","logo":{"@type":"ImageObject","inLanguage":"en-GB","@id":"https:\/\/patyki-lasmozliwosci.pl\/#\/schema\/logo\/image\/","url":"https:\/\/patyki-lasmozliwosci.pl\/wp-content\/uploads\/2025\/09\/Poziom-Jasny-1.svg","contentUrl":"https:\/\/patyki-lasmozliwosci.pl\/wp-content\/uploads\/2025\/09\/Poziom-Jasny-1.svg","width":417,"height":107,"caption":"Patyki - las mo\u017cliwo\u015bci"},"image":{"@id":"https:\/\/patyki-lasmozliwosci.pl\/#\/schema\/logo\/image\/"}}]}},"_links":{"self":[{"href":"https:\/\/patyki-lasmozliwosci.pl\/en\/wp-json\/wp\/v2\/pages\/1501","targetHints":{"allow":["GET"]}}],"collection":[{"href":"https:\/\/patyki-lasmozliwosci.pl\/en\/wp-json\/wp\/v2\/pages"}],"about":[{"href":"https:\/\/patyki-lasmozliwosci.pl\/en\/wp-json\/wp\/v2\/types\/page"}],"author":[{"embeddable":true,"href":"https:\/\/patyki-lasmozliwosci.pl\/en\/wp-json\/wp\/v2\/users\/1"}],"replies":[{"embeddable":true,"href":"https:\/\/patyki-lasmozliwosci.pl\/en\/wp-json\/wp\/v2\/comments?post=1501"}],"version-history":[{"count":42,"href":"https:\/\/patyki-lasmozliwosci.pl\/en\/wp-json\/wp\/v2\/pages\/1501\/revisions"}],"predecessor-version":[{"id":2029,"href":"https:\/\/patyki-lasmozliwosci.pl\/en\/wp-json\/wp\/v2\/pages\/1501\/revisions\/2029"}],"wp:attachment":[{"href":"https:\/\/patyki-lasmozliwosci.pl\/en\/wp-json\/wp\/v2\/media?parent=1501"}],"curies":[{"name":"wp","href":"https:\/\/api.w.org\/{rel}","templated":true}]}}